{"id":23946,"date":"2017-04-03T11:07:15","date_gmt":"2017-04-03T13:07:15","guid":{"rendered":"https:\/\/luftmaster.lt\/pagrindinis\/"},"modified":"2018-05-08T04:33:45","modified_gmt":"2018-05-08T06:33:45","slug":"pagrindinis","status":"publish","type":"page","link":"https:\/\/luftmaster.lt\/ru\/pagrindinis\/","title":{"rendered":"\u0433\u043b\u0430\u0432\u043d\u0430\u044f \u0441\u0442\u0440\u0430\u043d\u0438\u0446\u0430"},"content":{"rendered":"<div class=\"wpb-content-wrapper\"><p>[vc_row][vc_column][vc_single_image image=&#187;25739&#8243; img_size=&#187;full&#187; alignment=&#187;right&#187; css_animation=&#187;fadeInLeft&#187;][rev_slider_vc alias=&#187;skaidres-russian&#187;][\/vc_column][\/vc_row][vc_row][vc_column][vc_empty_space height=&#187;42px&#187;][vc_single_image image=&#187;25749&#8243; img_size=&#187;full&#187; alignment=&#187;center&#187; css_animation=&#187;fadeInLeft&#187;][\/vc_column][\/vc_row][vc_row][vc_column width=&#187;1\/2&#8243; basel_color_scheme=&#187;light&#187;][ultimate_heading main_heading=&#187;\u041f\u043e\u0447\u0435\u043c\u0443 Luft Master?&#187; main_heading_color=&#187;#122d49&#8243; alignment=&#187;left&#187; spacer=&#187;line_only&#187; spacer_position=&#187;middle&#187; line_style=&#187;double&#187; line_height=&#187;1&#8243; line_color=&#187;&#187; spacer_margin=&#187;margin-top:10px;&#187; line_width=&#187;150&#8243;][\/ultimate_heading][vc_empty_space][vc_progress_bar values=&#187;%5B%7B%22label%22%3A%22%D0%98%D0%BD%D0%B4%D0%B8%D0%B2%D0%B8%D0%B4%D1%83%D0%B0%D0%BB%D0%B8%D0%B7%D0%B8%D1%80%D0%BE%D0%B2%D0%B0%D0%BD%D0%BD%D1%8B%D0%B9%20%D0%94%D0%B8%D0%B7%D0%B0%D0%B9%D0%BD%20%D0%BF%D0%BE%20%D0%94%D0%BE%D1%81%D1%82%D1%83%D0%BF%D0%BD%D0%BE%D0%B9%20%D0%A6%D0%B5%D0%BD%D0%B5%22%2C%22value%22%3A%22100%22%7D%2C%7B%22label%22%3A%22%D0%A1%D0%BC%D0%B5%D0%BB%D0%BE%D1%81%D1%82%D1%8C%20%D0%9F%D1%80%D0%B5%D0%B4%D0%BB%D0%B0%D0%B3%D0%B0%D1%82%D1%8C%20%D0%9D%D0%B5%D1%81%D1%82%D0%B0%D0%BD%D0%B4%D0%B0%D1%80%D1%82%D0%BD%D1%8B%D0%B5%20%D0%A0%D0%B5%D1%88%D0%B5%D0%BD%D0%B8%D1%8F%22%2C%22value%22%3A%2290%22%7D%2C%7B%22label%22%3A%22%D0%AD%D0%BA%D0%BE%D0%BD%D0%BE%D0%BC%D0%BD%D1%8B%D0%B5%20%D0%A2%D0%B5%D1%85%D0%BD%D0%BE%D0%BB%D0%BE%D0%B3%D0%B8%D1%87%D0%B5%D1%81%D0%BA%D0%B8%D0%B5%20%D0%A0%D0%B5%D1%88%D0%B5%D0%BD%D0%B8%D1%8F%22%2C%22value%22%3A%2280%22%7D%2C%7B%22label%22%3A%22%D0%92%D1%8B%D1%81%D0%BE%D0%BA%D0%B8%D0%B5%20%D0%A1%D1%82%D0%B0%D0%BD%D0%B4%D0%B0%D1%80%D1%82%D1%8B%20%D0%9A%D0%B0%D1%87%D0%B5%D1%81%D1%82%D0%B2%D0%B0%22%2C%22value%22%3A%2270%22%7D%2C%7B%22label%22%3A%22%D0%9E%D1%80%D0%B8%D0%B5%D0%BD%D1%82%D0%B0%D1%86%D0%B8%D1%8F%20%D0%BD%D0%B0%20%D0%9A%D0%BB%D0%B8%D0%B5%D0%BD%D1%82%D0%B0%22%2C%22value%22%3A%2260%22%7D%5D&#187; bgcolor=&#187;custom&#187; options=&#187;striped&#187; css_animation=&#187;bounceInLeft&#187; custombgcolor=&#187;#657678&#8243; customtxtcolor=&#187;#ffffff&#187;][\/vc_column][vc_column width=&#187;1\/2&#8243; css=&#187;.vc_custom_1523616139212{border-top-width: 1px !important;border-right-width: 1px !important;border-bottom-width: 1px !important;border-left-width: 1px !important;background-color: #ededed !important;background-position: center !important;background-repeat: no-repeat !important;background-size: cover !important;border-left-color: #ededed !important;border-left-style: solid !important;border-right-color: #ededed !important;border-right-style: solid !important;border-top-color: #ededed !important;border-top-style: solid !important;border-bottom-color: #ededed !important;border-bottom-style: solid !important;}&#187;][vc_wp_search title=&#187;\u041f\u043e\u0438\u0441\u043a \u043f\u0440\u043e\u0434\u0443\u043a\u0442\u043e\u0432&#187;][vc_text_separator title=&#187;\u0438\u043b\u0438&#187; color=&#187;black&#187;][ult_buttons btn_title=&#187;\u041f\u0440\u043e\u0441\u043c\u043e\u0442\u0440\u0435\u0442\u044c \u0432\u0441\u0435 \u0442\u043e\u0432\u0430\u0440\u044b&#187; btn_link=&#187;url:https%3A%2F%2Fluftmaster.lt%2Fru%2F%25D0%25BF%25D1%2580%25D0%25BE%25D0%25B4%25D1%2583%25D0%25BA%25D1%2586%25D0%25B8%25D1%258F%2F|||&#187; btn_size=&#187;ubtn-custom&#187; btn_width=&#187;555&#8243; btn_height=&#187;40&#8243; btn_padding_top=&#187;0&#8243; btn_title_color=&#187;#ffffff&#187; btn_bg_color=&#187;#112e49&#8243; btn_bg_color_hover=&#187;#657678&#8243; btn_title_color_hover=&#187;#ffffff&#187; icon_size=&#187;32&#8243; btn_icon_pos=&#187;ubtn-sep-icon-at-left&#187;][\/vc_column][\/vc_row][vc_row][vc_column][vc_empty_space][\/vc_column][\/vc_row][vc_row][vc_column width=&#187;1\/4&#8243;][ultimate_icon_list icon_size=&#187;30&#8243; icon_margin=&#187;30&#8243;][ultimate_icon_list_item icon=&#187;Defaults-bullhorn&#187; icon_color=&#187;#ffffff&#187; icon_style=&#187;square&#187; icon_color_bg=&#187;#122d49&#8243;]\u0412\u043d\u0438\u043c\u0430\u043d\u0438\u0435 \u043a\u043b\u0438\u0435\u043d\u0442\u0430\u043c[\/ultimate_icon_list_item][\/ultimate_icon_list][\/vc_column][vc_column width=&#187;1\/4&#8243;][ultimate_icon_list icon_size=&#187;30&#8243; icon_margin=&#187;30&#8243;][ultimate_icon_list_item icon=&#187;Defaults-lightbulb-o&#187; icon_color=&#187;#ffffff&#187; icon_style=&#187;square&#187; icon_color_bg=&#187;#122d49&#8243;]\u042d\u043a\u043e\u043d\u043e\u043c\u043d\u044b\u0435 \u0440\u0435\u0448\u0435\u043d\u0438\u044f[\/ultimate_icon_list_item][\/ultimate_icon_list][\/vc_column][vc_column width=&#187;1\/4&#8243;][ultimate_icon_list icon_size=&#187;30&#8243; icon_margin=&#187;30&#8243;][ultimate_icon_list_item icon=&#187;Defaults-cogs gears&#187; icon_color=&#187;#ffffff&#187; icon_style=&#187;square&#187; icon_color_bg=&#187;#122d49&#8243;]\u041d\u0435\u0441\u0442\u0430\u043d\u0434\u0430\u0440\u0442\u043d\u044b\u0435 \u0440\u0435\u0448\u0435\u043d\u0438\u044f[\/ultimate_icon_list_item][\/ultimate_icon_list][\/vc_column][vc_column width=&#187;1\/4&#8243;][ultimate_icon_list icon_size=&#187;30&#8243; icon_margin=&#187;30&#8243;][ultimate_icon_list_item icon=&#187;Defaults-pagelines&#187; icon_color=&#187;#ffffff&#187; icon_style=&#187;square&#187; icon_color_bg=&#187;#122d49&#8243;]\u0420\u0435\u0448\u0435\u043d\u0438\u044f \u0434\u0440\u0443\u0436\u0435\u0441\u043a\u0438\u0435 \u043e\u043a\u0440\u0443\u0436\u0430\u044e\u0449\u0435\u0439 \u0441\u0440\u0435\u0434\u0435[\/ultimate_icon_list_item][\/ultimate_icon_list][\/vc_column][\/vc_row][vc_row][vc_column css_animation=&#187;fadeInRight&#187;][vc_empty_space][ultimate_heading main_heading=&#187;\u041f\u043e\u0434\u0445\u043e\u0434\u0438\u0442 \u0434\u043b\u044f:&#187; alignment=&#187;left&#187; spacer=&#187;line_only&#187; spacer_position=&#187;middle&#187; line_style=&#187;double&#187; line_height=&#187;1&#8243; spacer_margin=&#187;margin-top:10px;&#187; line_width=&#187;150&#8243;][\/ultimate_heading][vc_empty_space][\/vc_column][\/vc_row][vc_row][vc_column][vc_column_text]<div class=\"lshowcase-clear-both\">&nbsp;<\/div><div class=\"lshowcase-logos \"><div style='display:none;' class='lshowcase-wrap-carousel-0' ><div data-entry-id=\"23135\" class=\"lshowcase-slide lshowcase-horizontal-slide lshowcase-thumb lshowcase-lower-opacity lshowcase-tooltip\"><img data-no-lazy='1' data-original-title='Porche' data-entry-id='23135' src='https:\/\/luftmaster.lt\/wp-content\/uploads\/2017\/04\/porsche-logo-12-1-200x113.jpg'  width='200'  height = '113'  alt='' title='Porche' class='lshowcase-thumb'  \/><\/div><div data-entry-id=\"23137\" class=\"lshowcase-slide lshowcase-horizontal-slide lshowcase-thumb lshowcase-lower-opacity lshowcase-tooltip\"><img data-no-lazy='1' data-original-title='Volkswagen' data-entry-id='23137' src='https:\/\/luftmaster.lt\/wp-content\/uploads\/2017\/04\/Volkswagen-logo-2000-1920x1080-200x113.png'  width='200'  height = '113'  alt='' title='Volkswagen' class='lshowcase-thumb'  \/><\/div><div data-entry-id=\"23139\" class=\"lshowcase-slide lshowcase-horizontal-slide lshowcase-thumb lshowcase-lower-opacity lshowcase-tooltip\"><img data-no-lazy='1' data-original-title='Mercedes benz' data-entry-id='23139' src='https:\/\/luftmaster.lt\/wp-content\/uploads\/2017\/04\/car_logo_PNG1655-1-200x112.png'  width='200'  height = '112'  alt='' title='Mercedes benz' class='lshowcase-thumb'  \/><\/div><div data-entry-id=\"23143\" class=\"lshowcase-slide lshowcase-horizontal-slide lshowcase-thumb lshowcase-lower-opacity lshowcase-tooltip\"><img data-no-lazy='1' data-original-title='BMW' data-entry-id='23143' src='https:\/\/luftmaster.lt\/wp-content\/uploads\/2017\/04\/bmw-cars-logo-emblem-1-200x110.jpg'  width='200'  height = '110'  alt='' title='BMW' class='lshowcase-thumb'  \/><\/div><div data-entry-id=\"23145\" class=\"lshowcase-slide lshowcase-horizontal-slide lshowcase-thumb lshowcase-lower-opacity lshowcase-tooltip\"><img data-no-lazy='1' data-original-title='Audi' data-entry-id='23145' src='https:\/\/luftmaster.lt\/wp-content\/uploads\/2017\/04\/Audi-logo-2009-1920x1080-1-200x100.png'  width='200'  height = '100'  alt='' title='Audi' class='lshowcase-thumb'  \/><\/div><\/div><\/div><div class=\"lshowcase-clear-both\">&nbsp;<\/div>[\/vc_column_text][\/vc_column][\/vc_row][vc_row bg_type=&#187;image&#187; parallax_style=&#187;vcpb-default&#187; bg_image_new=&#187;id^23160|url^https:\/\/luftmaster.lt\/wp-content\/uploads\/2017\/04\/kontaktai.png|caption^null|alt^null|title^kontaktai|description^null&#187; bg_override=&#187;full&#187; css=&#187;.vc_custom_1497341915250{margin-bottom: -40px !important;padding-top: 30px !important;padding-bottom: 30px !important;background-color: #122d49 !important;border-radius: 30px !important;}&#187;][vc_column width=&#187;1\/2&#8243;][ultimate_heading main_heading=&#187;\u0421\u0432\u044f\u0437\u0430\u0442\u044c\u0441\u044f \u0441 \u043d\u0430\u043c\u0438&#187; main_heading_color=&#187;#ffffff&#187; sub_heading_color=&#187;#ffffff&#187; alignment=&#187;left&#187; spacer=&#187;line_only&#187; spacer_position=&#187;middle&#187; line_height=&#187;1&#8243; line_color=&#187;#ffffff&#187; main_heading_font_size=&#187;desktop:24px;&#187; main_heading_line_height=&#187;desktop:36px;&#187; sub_heading_font_size=&#187;desktop:14px;&#187; sub_heading_line_height=&#187;desktop:24px;&#187; spacer_margin=&#187;margin-top:20px;margin-bottom:20px;&#187;]Domina m\u016bs\u0173 produkcija ? Turite papildom\u0173 klausim\u0173 ? Susisiekite su mumis.[\/ultimate_heading][\/vc_column][vc_column css_animation=&#187;fadeInRight&#187; width=&#187;1\/2&#8243; basel_color_scheme=&#187;light&#187;]\n<div class=\"wpcf7 no-js\" id=\"wpcf7-f20553-o1\" lang=\"en-US\" dir=\"ltr\" data-wpcf7-id=\"20553\">\n<div class=\"screen-reader-response\"><p role=\"status\" aria-live=\"polite\" aria-atomic=\"true\"><\/p> <ul><\/ul><\/div>\n<form action=\"\/ru\/wp-json\/wp\/v2\/pages\/23946#wpcf7-f20553-o1\" method=\"post\" class=\"wpcf7-form init\" aria-label=\"Contact form\" novalidate=\"novalidate\" data-status=\"init\">\n<fieldset class=\"hidden-fields-container\"><input type=\"hidden\" name=\"_wpcf7\" value=\"20553\" \/><input type=\"hidden\" name=\"_wpcf7_version\" value=\"6.1.3\" \/><input type=\"hidden\" name=\"_wpcf7_locale\" value=\"en_US\" \/><input type=\"hidden\" name=\"_wpcf7_unit_tag\" value=\"wpcf7-f20553-o1\" \/><input type=\"hidden\" name=\"_wpcf7_container_post\" value=\"0\" \/><input type=\"hidden\" name=\"_wpcf7_posted_data_hash\" value=\"\" \/>\n<\/fieldset>\n<div class=\"row\">\n\t<div class=\"col-md-6\">\n\t\t<p style=\"margin-bottom: 2px;\"><span class=\"wpcf7-form-control-wrap\" data-name=\"your-name\"><input size=\"40\" maxlength=\"400\" class=\"wpcf7-form-control wpcf7-text wpcf7-validates-as-required\" aria-required=\"true\" aria-invalid=\"false\" placeholder=\"Vardas\" value=\"\" type=\"text\" name=\"your-name\" \/><\/span>\n\t\t<\/p>\n\t\t<p style=\"margin-bottom: 2px;\"><span class=\"wpcf7-form-control-wrap\" data-name=\"your-email\"><input size=\"40\" maxlength=\"400\" class=\"wpcf7-form-control wpcf7-email wpcf7-validates-as-required wpcf7-text wpcf7-validates-as-email\" aria-required=\"true\" aria-invalid=\"false\" placeholder=\"El. pa\u0161tas\" value=\"\" type=\"email\" name=\"your-email\" \/><\/span>\n\t\t<\/p>\n\t\t<p style=\"margin-bottom: 2px;\"><span class=\"wpcf7-form-control-wrap\" data-name=\"your-subject\"><input size=\"40\" maxlength=\"400\" class=\"wpcf7-form-control wpcf7-text\" aria-invalid=\"false\" placeholder=\"Telefonas\" value=\"\" type=\"text\" name=\"your-subject\" \/><\/span>\n\t\t<\/p>\n\t<\/div>\n\t<div class=\"col-md-6\">\n\t\t<p><span class=\"wpcf7-form-control-wrap\" data-name=\"your-message\"><textarea cols=\"5\" rows=\"5\" maxlength=\"2000\" class=\"wpcf7-form-control wpcf7-textarea\" aria-invalid=\"false\" placeholder=\"\u017dinut\u0117\" name=\"your-message\"><\/textarea><\/span>\n\t\t<\/p>\n\t<\/div>\n<\/div>\n<p><input class=\"wpcf7-form-control wpcf7-submit has-spinner btn\" type=\"submit\" value=\"Pateikti\" \/>\n<\/p><div class=\"wpcf7-response-output\" aria-hidden=\"true\"><\/div>\n<\/form>\n<\/div>\n[\/vc_column][\/vc_row][vc_row][vc_column][\/vc_column][\/vc_row][vc_row][vc_column][\/vc_column][\/vc_row]<\/p>\n<\/div>","protected":false},"excerpt":{"rendered":"<p>[vc_row][vc_column][vc_single_image image=&#187;25739&#8243; img_size=&#187;full&#187; alignment=&#187;right&#187; css_animation=&#187;fadeInLeft&#187;][rev_slider_vc alias=&#187;skaidres-russian&#187;][\/vc_column][\/vc_row][vc_row][vc_column][vc_empty_space height=&#187;42px&#187;][vc_single_image image=&#187;25749&#8243; img_size=&#187;full&#187; alignment=&#187;center&#187; css_animation=&#187;fadeInLeft&#187;][\/vc_column][\/vc_row][vc_row][vc_column width=&#187;1\/2&#8243; basel_color_scheme=&#187;light&#187;][ultimate_heading main_heading=&#187;\u041f\u043e\u0447\u0435\u043c\u0443 Luft Master?&#187; main_heading_color=&#187;#122d49&#8243; alignment=&#187;left&#187; spacer=&#187;line_only&#187; spacer_position=&#187;middle&#187;<\/p>\n","protected":false},"author":1,"featured_media":0,"parent":0,"menu_order":0,"comment_status":"closed","ping_status":"closed","template":"","meta":{"footnotes":""},"class_list":["post-23946","page","type-page","status-publish","hentry"],"_links":{"self":[{"href":"https:\/\/luftmaster.lt\/ru\/wp-json\/wp\/v2\/pages\/23946","targetHints":{"allow":["GET"]}}],"collection":[{"href":"https:\/\/luftmaster.lt\/ru\/wp-json\/wp\/v2\/pages"}],"about":[{"href":"https:\/\/luftmaster.lt\/ru\/wp-json\/wp\/v2\/types\/page"}],"author":[{"embeddable":true,"href":"https:\/\/luftmaster.lt\/ru\/wp-json\/wp\/v2\/users\/1"}],"replies":[{"embeddable":true,"href":"https:\/\/luftmaster.lt\/ru\/wp-json\/wp\/v2\/comments?post=23946"}],"version-history":[{"count":0,"href":"https:\/\/luftmaster.lt\/ru\/wp-json\/wp\/v2\/pages\/23946\/revisions"}],"wp:attachment":[{"href":"https:\/\/luftmaster.lt\/ru\/wp-json\/wp\/v2\/media?parent=23946"}],"curies":[{"name":"wp","href":"https:\/\/api.w.org\/{rel}","templated":true}]}}