{"id":33155,"date":"2025-08-22T12:40:10","date_gmt":"2025-08-22T14:40:10","guid":{"rendered":"https:\/\/luftmaster.lt\/payment-methods\/"},"modified":"2025-08-22T12:40:10","modified_gmt":"2025-08-22T14:40:10","slug":"payment-methods","status":"publish","type":"page","link":"https:\/\/luftmaster.lt\/it\/payment-methods\/","title":{"rendered":"Payment methods"},"content":{"rendered":"<div class=\"wpb-content-wrapper\"><p>[vc_row][vc_column][vc_custom_heading text=&#8221;Payment methods&#8221; font_container=&#8221;tag:h1|text_align:center&#8221; css=&#8221;&#8221;][\/vc_column][\/vc_row][vc_row][vc_column][vc_column_text css=&#8221;&#8221; woodmart_inline=&#8221;no&#8221; text_larger=&#8221;no&#8221;]<span style=\"font-weight: 400;\">Kad j\u016bs\u0173 apsipirkimas b\u016bt\u0173 kuo patogesnis, Luft Master si\u016blo \u0161iuos saugius atsiskaitymo b\u016bdus:<\/span><\/p>\n<p><span style=\"font-weight: 400;\">\u00a0* Bankinis pavedimas: Pasirink\u0119 \u0161\u012f b\u016bd\u0105, gausite i\u0161ankstinio mok\u0117jimo s\u0105skait\u0105 su visa reikalinga informacija. J\u0105 i\u0161si\u0173sime \u012f j\u016bs\u0173 nurodyt\u0105 el. pa\u0161t\u0105. U\u017esakym\u0105 prad\u0117sime vykdyti, kai tik gausime j\u016bs\u0173 apmok\u0117jim\u0105.<\/span><\/p>\n<p><span style=\"font-weight: 400;\">\u00a0* Mok\u0117jimas per Paysera: Tai greita ir saugi atsiskaitymo sistema, leid\u017eianti atlikti mok\u0117jim\u0105 per savo bank\u0105 (Swedbank, SEB, Luminor, Citadel\u0117 ir kt.) arba kreditine kortele. Apmok\u0117jimas patvirtinamas akimirksniu, tod\u0117l j\u016bs\u0173 u\u017esakymas bus prad\u0117tas vykdyti nedelsiant.<\/span><\/p>\n<p><span style=\"font-weight: 400;\">\u00a0* Atsiskaitymas kreditine\/debetine kortele: Priimame Visa ir Mastercard korteles. Mok\u0117jimas vykdomas per saugi\u0105 ir \u0161ifruot\u0105 platform\u0105, u\u017etikrinan\u010di\u0105 j\u016bs\u0173 duomen\u0173 apsaug\u0105.<\/span><\/p>\n<p><span style=\"font-weight: 400;\">Jei kilt\u0173 klausim\u0173 d\u0117l mok\u0117jimo, ra\u0161ykite mums el. pa\u0161tu airmaticlt@gmail.com.<\/span>[\/vc_column_text][\/vc_column][\/vc_row]<\/p>\n<\/div>","protected":false},"excerpt":{"rendered":"<p>[vc_row][vc_column][vc_custom_heading text=&#8221;Payment methods&#8221; font_container=&#8221;tag:h1|text_align:center&#8221; css=&#8221;&#8221;][\/vc_column][\/vc_row][vc_row][vc_column][vc_column_text css=&#8221;&#8221; woodmart_inline=&#8221;no&#8221; text_larger=&#8221;no&#8221;]Kad j\u016bs\u0173 apsipirkimas b\u016bt\u0173 kuo patogesnis, Luft Master si\u016blo \u0161iuos saugius atsiskaitymo b\u016bdus:<\/p>\n","protected":false},"author":9237,"featured_media":0,"parent":0,"menu_order":0,"comment_status":"closed","ping_status":"closed","template":"","meta":{"footnotes":""},"class_list":["post-33155","page","type-page","status-publish","hentry"],"_links":{"self":[{"href":"https:\/\/luftmaster.lt\/it\/wp-json\/wp\/v2\/pages\/33155","targetHints":{"allow":["GET"]}}],"collection":[{"href":"https:\/\/luftmaster.lt\/it\/wp-json\/wp\/v2\/pages"}],"about":[{"href":"https:\/\/luftmaster.lt\/it\/wp-json\/wp\/v2\/types\/page"}],"author":[{"embeddable":true,"href":"https:\/\/luftmaster.lt\/it\/wp-json\/wp\/v2\/users\/9237"}],"replies":[{"embeddable":true,"href":"https:\/\/luftmaster.lt\/it\/wp-json\/wp\/v2\/comments?post=33155"}],"version-history":[{"count":0,"href":"https:\/\/luftmaster.lt\/it\/wp-json\/wp\/v2\/pages\/33155\/revisions"}],"wp:attachment":[{"href":"https:\/\/luftmaster.lt\/it\/wp-json\/wp\/v2\/media?parent=33155"}],"curies":[{"name":"wp","href":"https:\/\/api.w.org\/{rel}","templated":true}]}}