{"id":33144,"date":"2025-08-22T12:38:51","date_gmt":"2025-08-22T14:38:51","guid":{"rendered":"https:\/\/luftmaster.lt\/estimated-delivery-time\/"},"modified":"2025-08-22T12:38:51","modified_gmt":"2025-08-22T14:38:51","slug":"estimated-delivery-time","status":"publish","type":"page","link":"https:\/\/luftmaster.lt\/fr\/estimated-delivery-time\/","title":{"rendered":"Estimated Delivery Time"},"content":{"rendered":"<div class=\"wpb-content-wrapper\"><p>[vc_row][vc_column][vc_custom_heading text=\u00a0\u00bbEstimated Delivery Time\u00a0\u00bb font_container=\u00a0\u00bbtag:h1|text_align:center\u00a0\u00bb css=\u00a0\u00bb\u00a0\u00bb][\/vc_column][\/vc_row][vc_row][vc_column][vc_column_text css=\u00a0\u00bb\u00a0\u00bb woodmart_inline=\u00a0\u00bbno\u00a0\u00bb text_larger=\u00a0\u00bbno\u00a0\u00bb]<span style=\"font-weight: 400;\">Luft Master gaminiai kuriami ir gaminami kruop\u0161\u010diai, siekiant u\u017etikrinti auk\u0161\u010diausi\u0105 kokyb\u0119. Nors turime sand\u0117lyje populiariausi\u0173 preki\u0173, didel\u0117 dalis m\u016bs\u0173 produkcijos gaminama pagal u\u017esakym\u0105, tod\u0117l pristatymo laikas priklauso nuo prek\u0117s specifikos.<\/span><\/p>\n<p><span style=\"font-weight: 400;\">\u00a0* Prek\u0117s sand\u0117lyje: U\u017esakymai i\u0161siun\u010diami per 1\u20132 darbo dienas nuo apmok\u0117jimo patvirtinimo.<\/span><\/p>\n<p><span style=\"font-weight: 400;\">\u00a0* Individual\u016bs u\u017esakymai: Numatomas gamybos ir pristatymo laikas yra 2\u201310 darbo dien\u0173. Tikslus terminas bus nurodytas u\u017esakymo patvirtinimo metu.<\/span><\/p>\n<p><span style=\"font-weight: 400;\">Kai j\u016bs\u0173 prek\u0117 bus i\u0161si\u0173sta, gausite el. lai\u0161k\u0105 su siuntos sekimo numeriu, kad gal\u0117tum\u0117te steb\u0117ti jos kelion\u0119.<\/span><\/p>\n<p><span style=\"font-weight: 400;\">Jei turite klausim\u0173 d\u0117l konkre\u010dios prek\u0117s pristatymo, susisiekite su mumis el. pa\u0161tu airmaticlt@gmail.com.<\/span>[\/vc_column_text][\/vc_column][\/vc_row]<\/p>\n<\/div>","protected":false},"excerpt":{"rendered":"<p>[vc_row][vc_column][vc_custom_heading text=\u00a0\u00bbEstimated Delivery Time\u00a0\u00bb font_container=\u00a0\u00bbtag:h1|text_align:center\u00a0\u00bb css=\u00a0\u00bb\u00a0\u00bb][\/vc_column][\/vc_row][vc_row][vc_column][vc_column_text css=\u00a0\u00bb\u00a0\u00bb woodmart_inline=\u00a0\u00bbno\u00a0\u00bb text_larger=\u00a0\u00bbno\u00a0\u00bb]Luft Master gaminiai kuriami ir gaminami kruop\u0161\u010diai, siekiant u\u017etikrinti auk\u0161\u010diausi\u0105 kokyb\u0119. Nors<\/p>\n","protected":false},"author":9237,"featured_media":0,"parent":0,"menu_order":0,"comment_status":"closed","ping_status":"closed","template":"","meta":{"footnotes":""},"class_list":["post-33144","page","type-page","status-publish","hentry"],"_links":{"self":[{"href":"https:\/\/luftmaster.lt\/fr\/wp-json\/wp\/v2\/pages\/33144","targetHints":{"allow":["GET"]}}],"collection":[{"href":"https:\/\/luftmaster.lt\/fr\/wp-json\/wp\/v2\/pages"}],"about":[{"href":"https:\/\/luftmaster.lt\/fr\/wp-json\/wp\/v2\/types\/page"}],"author":[{"embeddable":true,"href":"https:\/\/luftmaster.lt\/fr\/wp-json\/wp\/v2\/users\/9237"}],"replies":[{"embeddable":true,"href":"https:\/\/luftmaster.lt\/fr\/wp-json\/wp\/v2\/comments?post=33144"}],"version-history":[{"count":0,"href":"https:\/\/luftmaster.lt\/fr\/wp-json\/wp\/v2\/pages\/33144\/revisions"}],"wp:attachment":[{"href":"https:\/\/luftmaster.lt\/fr\/wp-json\/wp\/v2\/media?parent=33144"}],"curies":[{"name":"wp","href":"https:\/\/api.w.org\/{rel}","templated":true}]}}