{"id":24880,"date":"2018-02-16T09:48:44","date_gmt":"2018-02-16T11:48:44","guid":{"rendered":"https:\/\/luftmaster.lt\/prekiu-grazinimas\/"},"modified":"2018-08-16T10:53:40","modified_gmt":"2018-08-16T12:53:40","slug":"prekiu-grazinimas","status":"publish","type":"page","link":"https:\/\/luftmaster.lt\/en\/prekiu-grazinimas\/","title":{"rendered":"Return Conditions"},"content":{"rendered":"<div class=\"wpb-content-wrapper\"><p>[vc_row][vc_column css_animation=&#8221;fadeInLeft&#8221;][vc_column_text]<span style=\"color: #122d49\">Claims and complaints on obvious damages to a detail shall be submitted when picking up the detail. Where there is no possibility to do so or the detail is delivered to address specified by the client, claims shall be submitted within 2 business days.<\/span><\/p>\n<p><span style=\"color: #122d49\">To return products, the Buyer may either deliver them on his own to address: Paupio st. 5, Maciui\u010diai, Klaipeda district, on business days from 9 a.m. until 5 p.m., having agreed the time of his arrival by email <a style=\"color: #122d49\" href=\"mailto:export@luftmaster.eu\" target=\"_blank\" rel=\"noopener noreferrer\">export@luftmaster.eu<\/a> or phone: +37064566056, or send them, using the services of the Seller courier or any other courier at his own discretion.<\/span><\/p>\n<p>&nbsp;<\/p>\n<p><span style=\"color: #122d49\"><strong>1. Bendrosios nuostatos<\/strong><\/span><\/p>\n<p><span style=\"color: #122d49\">\u0160ios Pirkimo \u2013 pardavimo taisykl\u0117s (toliau \u2013 \u201cTaisykl\u0117s\u201d) yra juridi\u0161kai privalomas dokumentas, kuris nustato Pirk\u0117jo (toliau \u2013 \u201cJ\u016bs\u201d) ir Pardav\u0117jo (toliau \u2013 \u201cmes\u201d) tarpusavio teises, pareigas ir atsakomyb\u0119 Jums \u012fsigyjant prekes elektronin\u0117je parduotuv\u0117je (toliau \u2013 \u201cel. parduotuv\u0117\u201d).<\/span><\/p>\n<p><span style=\"color: #122d49\"><strong>2. Pirkimo \u2013 pardavimo sutarties sudarymo momentas<\/strong><\/span><\/p>\n<p><span style=\"color: #122d49\">Sutartis tarp J\u016bs\u0173 ir m\u016bs\u0173 laikoma sudaryta nuo to momento, kai J\u016bs el. parduotuv\u0117je suformav\u0119 preki\u0173 krep\u0161el\u012f, nurod\u0119 pristatymo adres\u0105, pasirink\u0119 apmok\u0117jimo b\u016bd\u0105 ir susipa\u017ein\u0119 su m\u016bs\u0173 taisykl\u0117mis, paspaud\u017eiate mygtuk\u0105 Patvirtinu u\u017esakym\u0105\u201d.<\/span><\/p>\n<p><span style=\"color: #122d49\">Kiekviena sutartis, sudaryta tarp m\u016bs\u0173 ir J\u016bs\u0173, yra saugoma el. parduotuv\u0117je.<\/span><\/p>\n<p><span style=\"color: #122d49\"><strong>3. J\u016bs\u0173 teis\u0117s<\/strong><\/span><\/p>\n<p><span style=\"color: #122d49\">J\u016bs turite teis\u0119 pirkti prekes e-parduotuv\u0117je \u0161i\u0173 taisykli\u0173 ir e-parduotuv\u0117s nustatyta tvarka.<\/span><\/p>\n<p><span style=\"color: #122d49\">J\u016bs turi teis\u0119 atsisakyti preki\u0173 pirkimo \u2013 pardavimo sutarties su el. parduotuve, i\u0161skyrus atvejus, kai sutarties negalima atsisakyti pagal Lietuvos Respublikos \u012fstatymus.<\/span><\/p>\n<p><span style=\"color: #122d49\"><strong>4. J\u016bs \u012fsipareigojate<\/strong><\/span><\/p>\n<p><span style=\"color: #122d49\">Priimti u\u017esakytas prekes ir u\u017e jas sumok\u0117ti sutart\u0105 kain\u0105.<\/span><\/p>\n<p><span style=\"color: #122d49\">Jeigu pasikei\u010dia J\u016bs\u0173 registracijos formoje pateikti duomenys, J\u016bs privalote nedelsdamas juos atnaujinti.<\/span><\/p>\n<p><span style=\"color: #122d49\">J\u016bs, naudodamasis el. parduotuve, sutinkate su \u0161iomis pirkimo \u2013 pardavimo taisykl\u0117mis ir privalote j\u0173 laikytis.<\/span><\/p>\n<p><span style=\"color: #122d49\"><strong>5. M\u016bs\u0173\u00a0 teis\u0117s<\/strong><\/span><\/p>\n<p><span style=\"color: #122d49\">Jei Pirk\u0117jas bando pakenkti el. parduotuv\u0117s darbui ar stabiliam veikimui, galime be i\u0161ankstinio persp\u0117jimo apriboti, sustabdyti jam galimyb\u0119 naudotis el. parduotuve arba panaikinti Pirk\u0117jo registracij\u0105.<\/span><\/p>\n<p><span style=\"color: #122d49\">Mes, susidarius svarbioms aplinkyb\u0117ms, galime laikinai arba i\u0161 viso nutraukti el. parduotuv\u0117s veikl\u0105 apie tai i\u0161 anksto neprane\u0161\u0119 Jums.<\/span><\/p>\n<p><span style=\"color: #122d49\">Mes galime viena\u0161ali\u0161kai pakeisti \u0161i\u0173 taisykli\u0173 s\u0105lygas.<\/span><\/p>\n<p><span style=\"color: #122d49\"><strong>6. Mes \u012fsipareigojame<\/strong><\/span><\/p>\n<p><span style=\"color: #122d49\">Sudaryti visas s\u0105lygas Jums tinkamai naudotis e-parduotuv\u0117s teikiamomis paslaugomis.<\/span><\/p>\n<p><span style=\"color: #122d49\">Pristatyti J\u016bs\u0173 u\u017esakytas prekes, J\u016bs\u0173 nurodytu adresu ir per sutart\u0105 pristatymo laikotarp\u012f.<\/span><\/p>\n<p><span style=\"color: #122d49\">Mes, susidarius svarbioms aplinkyb\u0117ms, negal\u0117dami pristatyti J\u016bs\u0173 u\u017esakytos prek\u0117s, \u012fsipareigojame Jums pasi\u016blyti analogi\u0161k\u0105 prek\u0119, o Jums atsisakius priimti prek\u0117s analog\u0105, gr\u0105\u017einti Jums sumok\u0117tus pinigus.<\/span><\/p>\n<p><span style=\"color: #122d49\"><strong>7. Preki\u0173 pristatymas<\/strong><\/span><\/p>\n<p><span style=\"color: #122d49\">Prekes pristatome mes arba \u012fgaliotas atstovas.<\/span><\/p>\n<p><span style=\"color: #122d49\">Preki\u0173 pristatymo metu J\u016bs privalote kartu su mumis ar kurjeri\u0173 \u012fmon\u0117s darbuotoju patikrinti siuntos pristatyt\u0173 preki\u0173 b\u016bkl\u0119.<\/span><\/p>\n<p><span style=\"color: #122d49\">Pasteb\u0117j\u0119 siuntoje esan\u010di\u0173 daikt\u0173 i\u0161orin\u012f pa\u017eeidim\u0105 (\u012flau\u017eim\u0105 (-us), \u012flenkim\u0105 (-us), \u012fbr\u0117\u017eim\u0105 (-us), korozijos pa\u017eeidim\u0105 (-us) ar pan.), turite teis\u0119 siuntoje esan\u010di\u0173 daikt\u0173 nepriimti ir apie tai mus kuo skubiau informuoti, o apie tok\u012f fakt\u0105 pa\u017eym\u0117ti siuntos va\u017etara\u0161tyje.<\/span><\/p>\n<p><span style=\"color: #122d49\">Jums pri\u0117mus prek\u0119 ir pasira\u0161ius va\u017etara\u0161t\u012f be pastab\u0173, laikoma, kad siunta priduota tvarkingai, o J\u016bs pretenzij\u0173 d\u0117l siuntoje esan\u010di\u0173 preki\u0173 neturite.<\/span><\/p>\n<p><span style=\"color: #122d49\"><strong>8. Daikt\u0173 gr\u0105\u017einimas<\/strong><\/span><\/p>\n<p><span style=\"color: #122d49\">Daikt\u0173 gr\u0105\u017einimas vyksta vadovaujantis 2001m. bir\u017eelio 29d. Lietuvos Respublikos \u016akio ministro \u012fsakymu Nr. 217 \u201cD\u0117l daikt\u0173 gr\u0105\u017einimo ir keitimo taisykli\u0173 patvirtinimo\u201d. al Kombinuot\u0105j\u0105 preki\u0173 nomenklat\u016br\u0105 &#8211; 95.00, i\u0161skyrus 95.06 &#8211; 95.07).<\/span><\/p>\n<p><span style=\"color: #122d49\">Pardav\u0117jas parei\u0161kia, kad Prek\u0117s atitinka \u0161ioms Prek\u0117ms keliamus \u012fprastus kokybinius reikalavimus. Garantijos terminas pradedamas skai\u010diuoti nuo Prek\u0117s \u012fteikimo Klientui momento. Preki\u0173 garantiniai terminai numatomi Prek\u0117s garantiniuose dokumentuose arba kai konkretus garantinis laikotarpis nesuteikiamas &#8211; LR \u012fstatymuose numatytais pagrindais. Garantijos metu Klientui kreipusis \u012f Pardav\u0117j\u0105 d\u0117l nekokybi\u0161kos Prek\u0117s Pardav\u0117jas nukreipia Klient\u0105 \u012f Prek\u0117s gamintojo garantinio aptarnavimo centr\u0105. Pardav\u0117jas n\u0117ra atsakingas u\u017e Preki\u0173 kokyb\u0117s pablog\u0117jim\u0105, jei Klientas ar asmenys, kuriems Klientas perdav\u0117 Prekes, jas naudojo ne tiems tikslams, kuriems tokios Prek\u0117s yra paprastai naudojamos, nesilaik\u0117 instrukcijose nurodyt\u0173 reikalavim\u0173, pa\u017eeid\u0117 Preki\u0173 transportavimo, laikymo, naudojimo ir \/ ar sand\u0117liavimo taisykles, taip pat, jeigu matomi Preki\u0173 \u012fpakavimo ar kiti i\u0161oriniai defektai, ra\u0161tu neaptarti Preki\u0173 perdavimo metu ar Preki\u0173 kokyb\u0117s pablog\u0117jimas yra sukeltas Kliento ar kit\u0173 asmen\u0173, kuriems Klientas pardav\u0117 Prekes, veiksm\u0173.\u00a0Garantijos automobili\u0173 dalims galioja tik jeigu turite darbus atlikusio autorizuoto autoserviso s\u0105skait\u0105.<strong>\u00a0<\/strong>J\u0105 privalu pateikti kartu su reklamacija ir brokuota detale. Pardav\u0117j\u0119s neatsako u\u017e tiesioginius ir netiesioginius kliento nuostolius, kurie atsirado d\u0117l prek\u0117s kokybini\u0173 tr\u016bkum\u0173, i\u0161skyrus tiesioginius nuostolius gr\u0105\u017einant u\u017e nekokybi\u0161k\u0105 prek\u0119 sumok\u0117tus pinigus. Garantija suteikiama tik pateikus pirkimo dokument\u0105 (kasos aparato kvit\u0105, pinig\u0173 pri\u0117mimo kvit\u0105, bankinio pavedimo i\u0161ra\u0161\u0105). Pirk\u0117jas prekes turi gr\u0105\u017einti pardav\u0117jo nurodytu adresu.<\/span><\/p>\n<p><span style=\"color: #122d49\">Gr\u0105\u017einamas daiktas privalo b\u016bti pilnai sukomplektuotas. U\u017e piln\u0105 daikto sukomplektavim\u0105 ir supakavim\u0105 atsakote J\u016bs. Jeigu daiktas n\u0117ra pilnai sukomplektuotas ir tinkamai supakuotas, mes nepriimame daikto gr\u0105\u017einimui.<\/span><\/p>\n<p><span style=\"color: #122d49\">Daiktas turi b\u016bti gr\u0105\u017einamas toje pakuot\u0117je, kurioje jis buvo pristatytas. Pakuot\u0117 turi b\u016bti nesugadinta, \u0161vari, tinkamai paruo\u0161ta ir \u012fpakuota.<\/span><\/p>\n<p><span style=\"color: #122d49\">Prekes gr\u0105\u017einate J\u016bs savo l\u0117\u0161omis.<\/span><\/p>\n<p><span style=\"color: #122d49\">Kai gr\u0105\u017einama nekokybi\u0161ka prek\u0117, mes \u012fsipareigojame j\u0105 pakeisti analogi\u0161ka preke. Tuo atveju, kai mes neturime analogi\u0161kos prek\u0117s, gr\u0105\u017einame Jums u\u017e prek\u0119 sumok\u0117tus pinigus.<\/span><\/p>\n<div><span style=\"color: #122d49\">\u00a0<\/span><\/div>\n<p><span style=\"color: #122d49\"><strong>9. Atsakomyb\u0117<\/strong><\/span><\/p>\n<p><span style=\"color: #122d49\">J\u016bs esate visi\u0161kai atsakingas u\u017e registracijos formoje pateikt\u0173 duomen\u0173 teisingum\u0105. Jei J\u016bs nepateikiate tiksli\u0173 duomen\u0173 registracijos formoje, mes neatsakome u\u017e d\u0117l to atsiradusius padarinius.<\/span><\/p>\n<p><span style=\"color: #122d49\">J\u016bs atsakote u\u017e veiksmus, atliktus naudojantis el. parduotuve.<\/span><\/p>\n<p><span style=\"color: #122d49\">Mes neatsakome u\u017e kit\u0173 \u012fmoni\u0173 tinklalapiuose pateikt\u0105 informacij\u0105, net jeigu J\u016bs patenkate \u012f \u0161iuos tinklalapius per el. parduotuv\u0117je esan\u010dias nuorodas.<\/span><\/p>\n<p><span style=\"color: #122d49\">Atsiradus \u017ealai, kaltoji \u0161alis atlygina kitai \u0161aliai atsiradusius nuostolius.<\/span><\/p>\n<p><span style=\"color: #122d49\"><strong>10. Informacijos siuntimas<\/strong><\/span><\/p>\n<p><span style=\"color: #122d49\">Mes visus prane\u0161imus siun\u010diame J\u016bs\u0173 registracijos formoje pateiktu elektroninio pa\u0161to adresu.<\/span><\/p>\n<p><span style=\"color: #122d49\">J\u016bs visus prane\u0161imus ir klausimus siun\u010diate el. parduotuv\u0117s skyriuje \u201cKontaktai\u201d nurodytu elektroninio pa\u0161to adresu.<\/span><\/p>\n<p><span style=\"color: #122d49\"><strong>11. Baigiamosios nuostatos<\/strong><\/span><\/p>\n<p><span style=\"color: #122d49\">\u0160ioms taisykl\u0117ms yra taikoma Lietuvos Respublikos teis\u0117.<\/span><\/p>\n<p><span style=\"color: #122d49\">Visi nesutarimai, kil\u0119 d\u0117l \u0161i\u0173 taisykli\u0173 vykdymo, yra sprend\u017eiami deryb\u0173 keliu. Nepavykus susitarti, nesutarimai yra sprend\u017eiami Lietuvos Respublikos \u012fstatym\u0173 nustatyta tvarka.<\/span>[\/vc_column_text][\/vc_column][\/vc_row]<\/p>\n<\/div>","protected":false},"excerpt":{"rendered":"<p>[vc_row][vc_column css_animation=&#8221;fadeInLeft&#8221;][vc_column_text]Claims and complaints on obvious damages to a detail shall be submitted when picking up the detail. Where there<\/p>\n","protected":false},"author":1,"featured_media":0,"parent":0,"menu_order":0,"comment_status":"closed","ping_status":"closed","template":"","meta":{"footnotes":""},"class_list":["post-24880","page","type-page","status-publish","hentry"],"_links":{"self":[{"href":"https:\/\/luftmaster.lt\/en\/wp-json\/wp\/v2\/pages\/24880","targetHints":{"allow":["GET"]}}],"collection":[{"href":"https:\/\/luftmaster.lt\/en\/wp-json\/wp\/v2\/pages"}],"about":[{"href":"https:\/\/luftmaster.lt\/en\/wp-json\/wp\/v2\/types\/page"}],"author":[{"embeddable":true,"href":"https:\/\/luftmaster.lt\/en\/wp-json\/wp\/v2\/users\/1"}],"replies":[{"embeddable":true,"href":"https:\/\/luftmaster.lt\/en\/wp-json\/wp\/v2\/comments?post=24880"}],"version-history":[{"count":0,"href":"https:\/\/luftmaster.lt\/en\/wp-json\/wp\/v2\/pages\/24880\/revisions"}],"wp:attachment":[{"href":"https:\/\/luftmaster.lt\/en\/wp-json\/wp\/v2\/media?parent=24880"}],"curies":[{"name":"wp","href":"https:\/\/api.w.org\/{rel}","templated":true}]}}