{"id":23615,"date":"2017-04-03T11:07:15","date_gmt":"2017-04-03T13:07:15","guid":{"rendered":"https:\/\/luftmaster.lt\/pagrindinis\/"},"modified":"2018-08-16T10:53:18","modified_gmt":"2018-08-16T12:53:18","slug":"pagrindinis","status":"publish","type":"page","link":"https:\/\/luftmaster.lt\/en\/pagrindinis\/","title":{"rendered":"Home"},"content":{"rendered":"<div class=\"wpb-content-wrapper\"><p>[vc_row gap=&#8221;35&#8243;][vc_column][vc_single_image image=&#8221;25740&#8243; img_size=&#8221;full&#8221; alignment=&#8221;right&#8221; css_animation=&#8221;fadeInLeft&#8221;][rev_slider alias=&#8221;skaidres-english&#8221;][vc_empty_space][vc_empty_space][vc_single_image image=&#8221;25746&#8243; img_size=&#8221;full&#8221; alignment=&#8221;center&#8221; css_animation=&#8221;fadeInLeft&#8221;][vc_column_text][\/vc_column_text][\/vc_column][\/vc_row][vc_row][vc_column css_animation=&#8221;fadeInRight&#8221; width=&#8221;1\/2&#8243;][ultimate_heading main_heading=&#8221;Why Luft Master ?&#8221; main_heading_color=&#8221;#122d49&#8243; alignment=&#8221;left&#8221; spacer=&#8221;line_only&#8221; spacer_position=&#8221;middle&#8221; line_style=&#8221;double&#8221; line_height=&#8221;1&#8243; line_color=&#8221;&#8221; spacer_margin=&#8221;margin-top:10px;&#8221; line_width=&#8221;150&#8243;][\/ultimate_heading][vc_empty_space][vc_progress_bar values=&#8221;%5B%7B%22label%22%3A%22Affordable%20Individual%20Design%22%2C%22value%22%3A%22100%22%7D%2C%7B%22label%22%3A%22Custom%20Solutions%22%2C%22value%22%3A%2290%22%7D%2C%7B%22label%22%3A%22Economical%20Technological%20Solutions%22%2C%22value%22%3A%2280%22%7D%2C%7B%22label%22%3A%22High%20Quality%20Standards%22%2C%22value%22%3A%2270%22%7D%2C%7B%22label%22%3A%22Customer-Oriented%22%2C%22value%22%3A%2260%22%7D%5D&#8221; bgcolor=&#8221;custom&#8221; options=&#8221;striped&#8221; css_animation=&#8221;bounceInLeft&#8221; custombgcolor=&#8221;#657678&#8243; customtxtcolor=&#8221;#ffffff&#8221;][vc_empty_space height=&#8221;40px&#8221;][vc_empty_space height=&#8221;40px&#8221;][ultimate_heading main_heading=&#8221;Spare parts suitable to:&#8221; alignment=&#8221;left&#8221; spacer=&#8221;line_only&#8221; spacer_position=&#8221;middle&#8221; line_style=&#8221;double&#8221; line_height=&#8221;1&#8243; spacer_margin=&#8221;margin-top:10px;&#8221; line_width=&#8221;150&#8243;][\/ultimate_heading][vc_empty_space][vc_empty_space][\/vc_column][vc_column width=&#8221;1\/2&#8243;][vc_wp_search title=&#8221;Search for products&#8221;][vc_text_separator title=&#8221;Or&#8221; color=&#8221;black&#8221;][ult_buttons btn_title=&#8221;View products&#8221; btn_link=&#8221;url:https%3A%2F%2Fluftmaster.lt%2Fen%2Fprodukcija%2F|||&#8221; btn_size=&#8221;ubtn-custom&#8221; btn_width=&#8221;555&#8243; btn_height=&#8221;40&#8243; btn_padding_top=&#8221;0&#8243; btn_title_color=&#8221;#ffffff&#8221; btn_bg_color=&#8221;#112e49&#8243; btn_bg_color_hover=&#8221;#657678&#8243; btn_title_color_hover=&#8221;#ffffff&#8221; icon_size=&#8221;32&#8243; btn_icon_pos=&#8221;ubtn-sep-icon-at-left&#8221;][\/vc_column][\/vc_row][vc_row css=&#8221;.vc_custom_1506514560224{padding-bottom: -20px !important;}&#8221;][vc_column][vc_column_text]<div class=\"lshowcase-clear-both\">&nbsp;<\/div><div class=\"lshowcase-logos \"><div style='display:none;' class='lshowcase-wrap-carousel-0' ><div data-entry-id=\"23135\" class=\"lshowcase-slide lshowcase-horizontal-slide lshowcase-thumb lshowcase-lower-opacity lshowcase-tooltip\"><img data-no-lazy='1' data-original-title='Porche' data-entry-id='23135' src='https:\/\/luftmaster.lt\/wp-content\/uploads\/2017\/04\/porsche-logo-12-1-200x113.jpg'  width='200'  height = '113'  alt='' title='Porche' class='lshowcase-thumb'  \/><\/div><div data-entry-id=\"23137\" class=\"lshowcase-slide lshowcase-horizontal-slide lshowcase-thumb lshowcase-lower-opacity lshowcase-tooltip\"><img data-no-lazy='1' data-original-title='Volkswagen' data-entry-id='23137' src='https:\/\/luftmaster.lt\/wp-content\/uploads\/2017\/04\/Volkswagen-logo-2000-1920x1080-200x113.png'  width='200'  height = '113'  alt='' title='Volkswagen' class='lshowcase-thumb'  \/><\/div><div data-entry-id=\"23139\" class=\"lshowcase-slide lshowcase-horizontal-slide lshowcase-thumb lshowcase-lower-opacity lshowcase-tooltip\"><img data-no-lazy='1' data-original-title='Mercedes benz' data-entry-id='23139' src='https:\/\/luftmaster.lt\/wp-content\/uploads\/2017\/04\/car_logo_PNG1655-1-200x112.png'  width='200'  height = '112'  alt='' title='Mercedes benz' class='lshowcase-thumb'  \/><\/div><div data-entry-id=\"23143\" class=\"lshowcase-slide lshowcase-horizontal-slide lshowcase-thumb lshowcase-lower-opacity lshowcase-tooltip\"><img data-no-lazy='1' data-original-title='BMW' data-entry-id='23143' src='https:\/\/luftmaster.lt\/wp-content\/uploads\/2017\/04\/bmw-cars-logo-emblem-1-200x110.jpg'  width='200'  height = '110'  alt='' title='BMW' class='lshowcase-thumb'  \/><\/div><div data-entry-id=\"23145\" class=\"lshowcase-slide lshowcase-horizontal-slide lshowcase-thumb lshowcase-lower-opacity lshowcase-tooltip\"><img data-no-lazy='1' data-original-title='Audi' data-entry-id='23145' src='https:\/\/luftmaster.lt\/wp-content\/uploads\/2017\/04\/Audi-logo-2009-1920x1080-1-200x100.png'  width='200'  height = '100'  alt='' title='Audi' class='lshowcase-thumb'  \/><\/div><\/div><\/div><div class=\"lshowcase-clear-both\">&nbsp;<\/div>[\/vc_column_text][\/vc_column][\/vc_row][vc_row bg_type=&#8221;bg_color&#8221; bg_override=&#8221;full&#8221; css=&#8221;.vc_custom_1506514534485{margin-bottom: -30px !important;padding-top: 30px !important;padding-bottom: 30px !important;}&#8221; bg_color_value=&#8221;#102e4b&#8221;][vc_column width=&#8221;1\/2&#8243;][ultimate_heading main_heading=&#8221;Susisiekite su mumis&#8221; main_heading_color=&#8221;#ffffff&#8221; sub_heading_color=&#8221;#ffffff&#8221; alignment=&#8221;left&#8221; spacer=&#8221;line_only&#8221; spacer_position=&#8221;middle&#8221; line_height=&#8221;1&#8243; line_color=&#8221;#ffffff&#8221; main_heading_font_size=&#8221;desktop:24px;&#8221; main_heading_line_height=&#8221;desktop:36px;&#8221; sub_heading_font_size=&#8221;desktop:14px;&#8221; sub_heading_line_height=&#8221;desktop:24px;&#8221; spacer_margin=&#8221;margin-top:20px;margin-bottom:20px;&#8221;]Domina m\u016bs\u0173 produkcija ? Turite papildom\u0173 klausim\u0173 ? Susisiekite su mumis.[\/ultimate_heading][\/vc_column][vc_column css_animation=&#8221;fadeInRight&#8221; width=&#8221;1\/2&#8243; basel_color_scheme=&#8221;light&#8221;]\n<div class=\"wpcf7 no-js\" id=\"wpcf7-f20553-o1\" lang=\"en-US\" dir=\"ltr\" data-wpcf7-id=\"20553\">\n<div class=\"screen-reader-response\"><p role=\"status\" aria-live=\"polite\" aria-atomic=\"true\"><\/p> <ul><\/ul><\/div>\n<form action=\"\/en\/wp-json\/wp\/v2\/pages\/23615#wpcf7-f20553-o1\" method=\"post\" class=\"wpcf7-form init\" aria-label=\"Contact form\" novalidate=\"novalidate\" data-status=\"init\">\n<fieldset class=\"hidden-fields-container\"><input type=\"hidden\" name=\"_wpcf7\" value=\"20553\" \/><input type=\"hidden\" name=\"_wpcf7_version\" value=\"6.1.3\" \/><input type=\"hidden\" name=\"_wpcf7_locale\" value=\"en_US\" \/><input type=\"hidden\" name=\"_wpcf7_unit_tag\" value=\"wpcf7-f20553-o1\" \/><input type=\"hidden\" name=\"_wpcf7_container_post\" value=\"0\" \/><input type=\"hidden\" name=\"_wpcf7_posted_data_hash\" value=\"\" \/>\n<\/fieldset>\n<div class=\"row\">\n\t<div class=\"col-md-6\">\n\t\t<p style=\"margin-bottom: 2px;\"><span class=\"wpcf7-form-control-wrap\" data-name=\"your-name\"><input size=\"40\" maxlength=\"400\" class=\"wpcf7-form-control wpcf7-text wpcf7-validates-as-required\" aria-required=\"true\" aria-invalid=\"false\" placeholder=\"Vardas\" value=\"\" type=\"text\" name=\"your-name\" \/><\/span>\n\t\t<\/p>\n\t\t<p style=\"margin-bottom: 2px;\"><span class=\"wpcf7-form-control-wrap\" data-name=\"your-email\"><input size=\"40\" maxlength=\"400\" class=\"wpcf7-form-control wpcf7-email wpcf7-validates-as-required wpcf7-text wpcf7-validates-as-email\" aria-required=\"true\" aria-invalid=\"false\" placeholder=\"El. pa\u0161tas\" value=\"\" type=\"email\" name=\"your-email\" \/><\/span>\n\t\t<\/p>\n\t\t<p style=\"margin-bottom: 2px;\"><span class=\"wpcf7-form-control-wrap\" data-name=\"your-subject\"><input size=\"40\" maxlength=\"400\" class=\"wpcf7-form-control wpcf7-text\" aria-invalid=\"false\" placeholder=\"Telefonas\" value=\"\" type=\"text\" name=\"your-subject\" \/><\/span>\n\t\t<\/p>\n\t<\/div>\n\t<div class=\"col-md-6\">\n\t\t<p><span class=\"wpcf7-form-control-wrap\" data-name=\"your-message\"><textarea cols=\"5\" rows=\"5\" maxlength=\"2000\" class=\"wpcf7-form-control wpcf7-textarea\" aria-invalid=\"false\" placeholder=\"\u017dinut\u0117\" name=\"your-message\"><\/textarea><\/span>\n\t\t<\/p>\n\t<\/div>\n<\/div>\n<p><input class=\"wpcf7-form-control wpcf7-submit has-spinner btn\" type=\"submit\" value=\"Pateikti\" \/>\n<\/p><div class=\"wpcf7-response-output\" aria-hidden=\"true\"><\/div>\n<\/form>\n<\/div>\n[\/vc_column][\/vc_row]<\/p>\n<\/div>","protected":false},"excerpt":{"rendered":"<p>[vc_row gap=&#8221;35&#8243;][vc_column][vc_single_image image=&#8221;25740&#8243; img_size=&#8221;full&#8221; alignment=&#8221;right&#8221; css_animation=&#8221;fadeInLeft&#8221;][rev_slider alias=&#8221;skaidres-english&#8221;][vc_empty_space][vc_empty_space][vc_single_image image=&#8221;25746&#8243; img_size=&#8221;full&#8221; alignment=&#8221;center&#8221; css_animation=&#8221;fadeInLeft&#8221;][vc_column_text][\/vc_column_text][\/vc_column][\/vc_row][vc_row][vc_column css_animation=&#8221;fadeInRight&#8221; width=&#8221;1\/2&#8243;][ultimate_heading main_heading=&#8221;Why Luft Master ?&#8221; main_heading_color=&#8221;#122d49&#8243; alignment=&#8221;left&#8221; spacer=&#8221;line_only&#8221;<\/p>\n","protected":false},"author":1,"featured_media":0,"parent":0,"menu_order":0,"comment_status":"closed","ping_status":"closed","template":"","meta":{"footnotes":""},"class_list":["post-23615","page","type-page","status-publish","hentry"],"_links":{"self":[{"href":"https:\/\/luftmaster.lt\/en\/wp-json\/wp\/v2\/pages\/23615","targetHints":{"allow":["GET"]}}],"collection":[{"href":"https:\/\/luftmaster.lt\/en\/wp-json\/wp\/v2\/pages"}],"about":[{"href":"https:\/\/luftmaster.lt\/en\/wp-json\/wp\/v2\/types\/page"}],"author":[{"embeddable":true,"href":"https:\/\/luftmaster.lt\/en\/wp-json\/wp\/v2\/users\/1"}],"replies":[{"embeddable":true,"href":"https:\/\/luftmaster.lt\/en\/wp-json\/wp\/v2\/comments?post=23615"}],"version-history":[{"count":0,"href":"https:\/\/luftmaster.lt\/en\/wp-json\/wp\/v2\/pages\/23615\/revisions"}],"wp:attachment":[{"href":"https:\/\/luftmaster.lt\/en\/wp-json\/wp\/v2\/media?parent=23615"}],"curies":[{"name":"wp","href":"https:\/\/api.w.org\/{rel}","templated":true}]}}